{"id":4649,"date":"2024-02-29T12:39:09","date_gmt":"2024-02-29T11:39:09","guid":{"rendered":"https:\/\/deens.silagesafe.nl\/?page_id=4649"},"modified":"2025-11-21T00:02:25","modified_gmt":"2025-11-20T23:02:25","slug":"ansvarsfriskrivning","status":"publish","type":"page","link":"https:\/\/silagesafe.se\/da\/ansvarsfriskrivning\/","title":{"rendered":"Ansvarsfriskrivning"},"content":{"rendered":"<div data-elementor-type=\"wp-page\" data-elementor-id=\"4649\" class=\"elementor elementor-4649\" data-elementor-post-type=\"page\">\n\t\t\t\t\t\t<\/div>","protected":false},"excerpt":{"rendered":"<p>Informationen p\u00e5 den h\u00e4r webbplatsen \u00e4r sammanst\u00e4lld med st\u00f6rsta noggrannhet. Silage Safe kan dock inte garantera att informationen \u00e4r korrekt eller fullst\u00e4ndig. Inga r\u00e4ttigheter kan h\u00e4rledas fr\u00e5n den information som tillhandah\u00e5lls. Silage Safe tar inget ansvar f\u00f6r eventuella felaktigheter eller utel\u00e4mnanden p\u00e5 den h\u00e4r webbplatsen. Webbplatsen inneh\u00e5ller l\u00e4nkar till externa webbplatser. Silage Safe ansvarar inte [&hellip;]<\/p>\n","protected":false},"author":1,"featured_media":0,"parent":0,"menu_order":0,"comment_status":"closed","ping_status":"closed","template":"elementor_header_footer","meta":{"_joinchat":[],"footnotes":""},"class_list":["post-4649","page","type-page","status-publish","hentry"],"yoast_head":"<!-- This site is optimized with the Yoast SEO plugin v27.4 - https:\/\/yoast.com\/product\/yoast-seo-wordpress\/ -->\n<title>Ansvarsfriskrivning - Silage Safe Sverige<\/title>\n<meta name=\"robots\" content=\"index, follow, max-snippet:-1, max-image-preview:large, max-video-preview:-1\" \/>\n<link rel=\"canonical\" href=\"https:\/\/silagesafe.se\/da\/ansvarsfriskrivning\/\" \/>\n<meta property=\"og:locale\" content=\"da_DK\" \/>\n<meta property=\"og:type\" content=\"article\" \/>\n<meta property=\"og:title\" content=\"Ansvarsfriskrivning - Silage Safe Sverige\" \/>\n<meta property=\"og:description\" content=\"Informationen p\u00e5 den h\u00e4r webbplatsen \u00e4r sammanst\u00e4lld med st\u00f6rsta noggrannhet. Silage Safe kan dock inte garantera att informationen \u00e4r korrekt eller fullst\u00e4ndig. Inga r\u00e4ttigheter kan h\u00e4rledas fr\u00e5n den information som tillhandah\u00e5lls. Silage Safe tar inget ansvar f\u00f6r eventuella felaktigheter eller utel\u00e4mnanden p\u00e5 den h\u00e4r webbplatsen. Webbplatsen inneh\u00e5ller l\u00e4nkar till externa webbplatser. Silage Safe ansvarar inte [&hellip;]\" \/>\n<meta property=\"og:url\" content=\"https:\/\/silagesafe.se\/da\/ansvarsfriskrivning\/\" \/>\n<meta property=\"og:site_name\" content=\"Silage Safe Sverige\" \/>\n<meta property=\"article:modified_time\" content=\"2025-11-20T23:02:25+00:00\" \/>\n<meta name=\"twitter:card\" content=\"summary_large_image\" \/>\n<meta name=\"twitter:label1\" content=\"Estimeret l\u00e6setid\" \/>\n\t<meta name=\"twitter:data1\" content=\"1 minut\" \/>\n<script type=\"application\/ld+json\" class=\"yoast-schema-graph\">{\"@context\":\"https:\\\/\\\/schema.org\",\"@graph\":[{\"@type\":\"WebPage\",\"@id\":\"https:\\\/\\\/silagesafe.se\\\/ansvarsfriskrivning\\\/\",\"url\":\"https:\\\/\\\/silagesafe.se\\\/ansvarsfriskrivning\\\/\",\"name\":\"Ansvarsfriskrivning - Silage Safe Sverige\",\"isPartOf\":{\"@id\":\"https:\\\/\\\/silagesafe.se\\\/#website\"},\"datePublished\":\"2024-02-29T11:39:09+00:00\",\"dateModified\":\"2025-11-20T23:02:25+00:00\",\"breadcrumb\":{\"@id\":\"https:\\\/\\\/silagesafe.se\\\/ansvarsfriskrivning\\\/#breadcrumb\"},\"inLanguage\":\"da-DK\",\"potentialAction\":[{\"@type\":\"ReadAction\",\"target\":[\"https:\\\/\\\/silagesafe.se\\\/ansvarsfriskrivning\\\/\"]}]},{\"@type\":\"BreadcrumbList\",\"@id\":\"https:\\\/\\\/silagesafe.se\\\/ansvarsfriskrivning\\\/#breadcrumb\",\"itemListElement\":[{\"@type\":\"ListItem\",\"position\":1,\"name\":\"Home\",\"item\":\"https:\\\/\\\/silagesafe.se\\\/\"},{\"@type\":\"ListItem\",\"position\":2,\"name\":\"Ansvarsfriskrivning\"}]},{\"@type\":\"WebSite\",\"@id\":\"https:\\\/\\\/silagesafe.se\\\/#website\",\"url\":\"https:\\\/\\\/silagesafe.se\\\/\",\"name\":\"Silage Safe Sverige\",\"description\":\"\",\"potentialAction\":[{\"@type\":\"SearchAction\",\"target\":{\"@type\":\"EntryPoint\",\"urlTemplate\":\"https:\\\/\\\/silagesafe.se\\\/?s={search_term_string}\"},\"query-input\":{\"@type\":\"PropertyValueSpecification\",\"valueRequired\":true,\"valueName\":\"search_term_string\"}}],\"inLanguage\":\"da-DK\"}]}<\/script>\n<!-- \/ Yoast SEO plugin. -->","yoast_head_json":{"title":"Ansvarsfriskrivning - Silage Safe Sverige","robots":{"index":"index","follow":"follow","max-snippet":"max-snippet:-1","max-image-preview":"max-image-preview:large","max-video-preview":"max-video-preview:-1"},"canonical":"https:\/\/silagesafe.se\/da\/ansvarsfriskrivning\/","og_locale":"da_DK","og_type":"article","og_title":"Ansvarsfriskrivning - Silage Safe Sverige","og_description":"Informationen p\u00e5 den h\u00e4r webbplatsen \u00e4r sammanst\u00e4lld med st\u00f6rsta noggrannhet. Silage Safe kan dock inte garantera att informationen \u00e4r korrekt eller fullst\u00e4ndig. Inga r\u00e4ttigheter kan h\u00e4rledas fr\u00e5n den information som tillhandah\u00e5lls. Silage Safe tar inget ansvar f\u00f6r eventuella felaktigheter eller utel\u00e4mnanden p\u00e5 den h\u00e4r webbplatsen. Webbplatsen inneh\u00e5ller l\u00e4nkar till externa webbplatser. Silage Safe ansvarar inte [&hellip;]","og_url":"https:\/\/silagesafe.se\/da\/ansvarsfriskrivning\/","og_site_name":"Silage Safe Sverige","article_modified_time":"2025-11-20T23:02:25+00:00","twitter_card":"summary_large_image","twitter_misc":{"Estimeret l\u00e6setid":"1 minut"},"schema":{"@context":"https:\/\/schema.org","@graph":[{"@type":"WebPage","@id":"https:\/\/silagesafe.se\/ansvarsfriskrivning\/","url":"https:\/\/silagesafe.se\/ansvarsfriskrivning\/","name":"Ansvarsfriskrivning - Silage Safe Sverige","isPartOf":{"@id":"https:\/\/silagesafe.se\/#website"},"datePublished":"2024-02-29T11:39:09+00:00","dateModified":"2025-11-20T23:02:25+00:00","breadcrumb":{"@id":"https:\/\/silagesafe.se\/ansvarsfriskrivning\/#breadcrumb"},"inLanguage":"da-DK","potentialAction":[{"@type":"ReadAction","target":["https:\/\/silagesafe.se\/ansvarsfriskrivning\/"]}]},{"@type":"BreadcrumbList","@id":"https:\/\/silagesafe.se\/ansvarsfriskrivning\/#breadcrumb","itemListElement":[{"@type":"ListItem","position":1,"name":"Home","item":"https:\/\/silagesafe.se\/"},{"@type":"ListItem","position":2,"name":"Ansvarsfriskrivning"}]},{"@type":"WebSite","@id":"https:\/\/silagesafe.se\/#website","url":"https:\/\/silagesafe.se\/","name":"Silage Safe Sverige","description":"","potentialAction":[{"@type":"SearchAction","target":{"@type":"EntryPoint","urlTemplate":"https:\/\/silagesafe.se\/?s={search_term_string}"},"query-input":{"@type":"PropertyValueSpecification","valueRequired":true,"valueName":"search_term_string"}}],"inLanguage":"da-DK"}]}},"_links":{"self":[{"href":"https:\/\/silagesafe.se\/da\/wp-json\/wp\/v2\/pages\/4649","targetHints":{"allow":["GET"]}}],"collection":[{"href":"https:\/\/silagesafe.se\/da\/wp-json\/wp\/v2\/pages"}],"about":[{"href":"https:\/\/silagesafe.se\/da\/wp-json\/wp\/v2\/types\/page"}],"author":[{"embeddable":true,"href":"https:\/\/silagesafe.se\/da\/wp-json\/wp\/v2\/users\/1"}],"replies":[{"embeddable":true,"href":"https:\/\/silagesafe.se\/da\/wp-json\/wp\/v2\/comments?post=4649"}],"version-history":[{"count":0,"href":"https:\/\/silagesafe.se\/da\/wp-json\/wp\/v2\/pages\/4649\/revisions"}],"wp:attachment":[{"href":"https:\/\/silagesafe.se\/da\/wp-json\/wp\/v2\/media?parent=4649"}],"curies":[{"name":"wp","href":"https:\/\/api.w.org\/{rel}","templated":true}]}}